{"id":12282,"date":"2026-02-10T10:31:54","date_gmt":"2026-02-10T10:31:54","guid":{"rendered":"https:\/\/postventa.bhfitness.com\/?page_id=12282"},"modified":"2026-02-12T07:50:11","modified_gmt":"2026-02-12T07:50:11","slug":"formulario-postventa","status":"publish","type":"page","link":"https:\/\/postventa.bhfitness.com\/pt-pt\/formulario-postventa\/","title":{"rendered":"Formulario Postventa"},"content":{"rendered":"","protected":false},"excerpt":{"rendered":"","protected":false},"author":6,"featured_media":0,"parent":0,"menu_order":0,"comment_status":"closed","ping_status":"closed","template":"postventa-template","meta":[],"yoast_head":"<!-- This site is optimized with the Yoast SEO plugin v17.3 - https:\/\/yoast.com\/wordpress\/plugins\/seo\/ -->\n<title>Formulario Postventa - BH Fitness Dom\u00e9stico Web Oficial<\/title>\n<meta name=\"robots\" content=\"noindex, follow, max-snippet:-1, max-image-preview:large, max-video-preview:-1\" \/>\n<meta property=\"og:locale\" content=\"pt_PT\" \/>\n<meta property=\"og:type\" content=\"article\" \/>\n<meta property=\"og:title\" content=\"Formulario Postventa - BH Fitness Dom\u00e9stico Web Oficial\" \/>\n<meta property=\"og:url\" content=\"https:\/\/postventa.bhfitness.com\/pt-pt\/formulario-postventa\/\" \/>\n<meta property=\"og:site_name\" content=\"BH Fitness Dom\u00e9stico Web Oficial\" \/>\n<meta property=\"article:modified_time\" content=\"2026-02-12T07:50:11+00:00\" \/>\n<meta name=\"twitter:card\" content=\"summary_large_image\" \/>\n<script type=\"application\/ld+json\" class=\"yoast-schema-graph\">{\"@context\":\"https:\/\/schema.org\",\"@graph\":[{\"@type\":\"Organization\",\"@id\":\"https:\/\/postventa.bhfitness.com\/#organization\",\"name\":\"BH Fitness\",\"url\":\"https:\/\/postventa.bhfitness.com\/\",\"sameAs\":[],\"logo\":{\"@type\":\"ImageObject\",\"@id\":\"https:\/\/postventa.bhfitness.com\/#logo\",\"inLanguage\":\"pt-PT\",\"url\":\"https:\/\/bhfitness.com\/content\/uploads\/2024\/10\/bh-logo.png\",\"contentUrl\":\"https:\/\/bhfitness.com\/content\/uploads\/2024\/10\/bh-logo.png\",\"width\":119,\"height\":66,\"caption\":\"BH Fitness\"},\"image\":{\"@id\":\"https:\/\/postventa.bhfitness.com\/#logo\"}},{\"@type\":\"WebSite\",\"@id\":\"https:\/\/postventa.bhfitness.com\/#website\",\"url\":\"https:\/\/postventa.bhfitness.com\/\",\"name\":\"BH Fitness Dom\\u00e9stico Web Oficial\",\"description\":\"Otro sitio realizado con WordPress\",\"publisher\":{\"@id\":\"https:\/\/postventa.bhfitness.com\/#organization\"},\"potentialAction\":[{\"@type\":\"SearchAction\",\"target\":{\"@type\":\"EntryPoint\",\"urlTemplate\":\"https:\/\/postventa.bhfitness.com\/?s={search_term_string}\"},\"query-input\":\"required name=search_term_string\"}],\"inLanguage\":\"pt-PT\"},{\"@type\":\"WebPage\",\"@id\":\"https:\/\/postventa.bhfitness.com\/pt-pt\/formulario-postventa\/#webpage\",\"url\":\"https:\/\/postventa.bhfitness.com\/pt-pt\/formulario-postventa\/\",\"name\":\"Formulario Postventa - BH Fitness Dom\\u00e9stico Web Oficial\",\"isPartOf\":{\"@id\":\"https:\/\/postventa.bhfitness.com\/#website\"},\"datePublished\":\"2026-02-10T10:31:54+00:00\",\"dateModified\":\"2026-02-12T07:50:11+00:00\",\"breadcrumb\":{\"@id\":\"https:\/\/postventa.bhfitness.com\/pt-pt\/formulario-postventa\/#breadcrumb\"},\"inLanguage\":\"pt-PT\",\"potentialAction\":[{\"@type\":\"ReadAction\",\"target\":[\"https:\/\/postventa.bhfitness.com\/pt-pt\/formulario-postventa\/\"]}]},{\"@type\":\"BreadcrumbList\",\"@id\":\"https:\/\/postventa.bhfitness.com\/pt-pt\/formulario-postventa\/#breadcrumb\",\"itemListElement\":[{\"@type\":\"ListItem\",\"position\":1,\"name\":\"Home\",\"item\":\"https:\/\/postventa.bhfitness.com\/pt-pt\/\"},{\"@type\":\"ListItem\",\"position\":2,\"name\":\"Formulario Postventa\"}]}]}<\/script>\n<!-- \/ Yoast SEO plugin. -->","yoast_head_json":{"title":"Formulario Postventa - BH Fitness Dom\u00e9stico Web Oficial","robots":{"index":"noindex","follow":"follow","max-snippet":"max-snippet:-1","max-image-preview":"max-image-preview:large","max-video-preview":"max-video-preview:-1"},"og_locale":"pt_PT","og_type":"article","og_title":"Formulario Postventa - BH Fitness Dom\u00e9stico Web Oficial","og_url":"https:\/\/postventa.bhfitness.com\/pt-pt\/formulario-postventa\/","og_site_name":"BH Fitness Dom\u00e9stico Web Oficial","article_modified_time":"2026-02-12T07:50:11+00:00","twitter_card":"summary_large_image","schema":{"@context":"https:\/\/schema.org","@graph":[{"@type":"Organization","@id":"https:\/\/postventa.bhfitness.com\/#organization","name":"BH Fitness","url":"https:\/\/postventa.bhfitness.com\/","sameAs":[],"logo":{"@type":"ImageObject","@id":"https:\/\/postventa.bhfitness.com\/#logo","inLanguage":"pt-PT","url":"https:\/\/bhfitness.com\/content\/uploads\/2024\/10\/bh-logo.png","contentUrl":"https:\/\/bhfitness.com\/content\/uploads\/2024\/10\/bh-logo.png","width":119,"height":66,"caption":"BH Fitness"},"image":{"@id":"https:\/\/postventa.bhfitness.com\/#logo"}},{"@type":"WebSite","@id":"https:\/\/postventa.bhfitness.com\/#website","url":"https:\/\/postventa.bhfitness.com\/","name":"BH Fitness Dom\u00e9stico Web Oficial","description":"Otro sitio realizado con WordPress","publisher":{"@id":"https:\/\/postventa.bhfitness.com\/#organization"},"potentialAction":[{"@type":"SearchAction","target":{"@type":"EntryPoint","urlTemplate":"https:\/\/postventa.bhfitness.com\/?s={search_term_string}"},"query-input":"required name=search_term_string"}],"inLanguage":"pt-PT"},{"@type":"WebPage","@id":"https:\/\/postventa.bhfitness.com\/pt-pt\/formulario-postventa\/#webpage","url":"https:\/\/postventa.bhfitness.com\/pt-pt\/formulario-postventa\/","name":"Formulario Postventa - BH Fitness Dom\u00e9stico Web Oficial","isPartOf":{"@id":"https:\/\/postventa.bhfitness.com\/#website"},"datePublished":"2026-02-10T10:31:54+00:00","dateModified":"2026-02-12T07:50:11+00:00","breadcrumb":{"@id":"https:\/\/postventa.bhfitness.com\/pt-pt\/formulario-postventa\/#breadcrumb"},"inLanguage":"pt-PT","potentialAction":[{"@type":"ReadAction","target":["https:\/\/postventa.bhfitness.com\/pt-pt\/formulario-postventa\/"]}]},{"@type":"BreadcrumbList","@id":"https:\/\/postventa.bhfitness.com\/pt-pt\/formulario-postventa\/#breadcrumb","itemListElement":[{"@type":"ListItem","position":1,"name":"Home","item":"https:\/\/postventa.bhfitness.com\/pt-pt\/"},{"@type":"ListItem","position":2,"name":"Formulario Postventa"}]}]}},"meta_box":{"block_page_template":"postventa","block_header_active":"1","header_pretitle":"","header_title":"BH Fitness Service","header_subtitle":"A confian\u00e7a, o profissionalismo e a experi\u00eancia da BH Fitness, ao seu dispor.","header_type":"text","header_type_img":[],"header_type_img_mobile":[],"header_type_video":"","header_type_color_background_from":"","header_type_color_background_to":"","header_type_color_background_text":"","block_banner_active":"0","block_banner_type":"","block_support_active":"0","block_support_subtitle2":"","block_support_title":"","block_support_subtitle":"","block_support_content":"","block_support_img":[],"block_support_cta_active":"0","block_support_cta_title":"","block_support_cta_class":"","block_support_cta_url":"","block_text_image_active":"0","block_text_image_pretitle":"","block_text_image_title":"","block_text_image_subtitle":"","block_text_image_content":"","block_text_image_background_img":[],"block_text_image_img_content":"","block_innovation_active":"0","block_innovation_pretitle":"","block_innovation_title":"","block_innovation_subtitle":"","block_innovation_content":"","block_innovation_title1":"","block_innovation_content1":"","block_innovation_img1":[],"block_innovation_cta_active1":"0","block_innovation_cta_title1":"","block_innovation_cta_class1":"","block_innovation_cta_url1":"","block_innovation_title2":"","block_innovation_content2":"","block_innovation_img2":[],"block_innovation_cta_active2":"0","block_innovation_cta_title2":"","block_innovation_cta_class2":"","block_innovation_cta_url2":"","block_whitepaper_active":"1","block_whitepaper_title":"Compra de pe\u00e7as de substitui\u00e7\u00e3o","block_whitepaper_content":"<p>Aceda ao site de pe\u00e7as de substitui\u00e7\u00e3o e acess\u00f3rios da BH Fitness.<\/p>\n","block_whitepaper_type":"redirect","block_whitepaper_form_id":"","block_whitepaper_slug":"http:\/\/www.bhfitnessglobalservices.com\/","block_whitepaper_url":"","block_whitepaper_cta_title":"Compre pe\u00e7a sobresselente","block_whitepaper_cta_class":"","block4_active":"0","block4_title":"","block4_subtitle":"","block4_content":"","block4_hover":"","block4_img_text_blocks":[{"_state":"expanded"}],"block_highlight_active":"0","block_highlight_pretitle":"","block_highlight_title":"","block_highlight_subtitle":"","block_highlight_content":"","block_highlight_slides":[{"_state":"expanded"}],"block_faq_active":"0","block_faqs_list":[{"block_faqs":[{"_state":"expanded"}],"_state":"expanded"}],"block_form_active":"1","block_form_pretitle":"","block_form_title":"Formul\u00e1rio de incidente home fitness","block_form_subtitle":"","block_form_content":"","block_form_id":"14","block_featured_products_active":"0","block_loop_title_text_active":"0","block_loop_title_text_pretitle":"","block_loop_title_text_title":"","block_loop_title_text_subtitle":"","block_loop_title_text_content":"","block_loop_title_text_elements":[{"_state":"expanded"}]},"_links":{"self":[{"href":"https:\/\/postventa.bhfitness.com\/pt-pt\/wp-json\/wp\/v2\/pages\/12282"}],"collection":[{"href":"https:\/\/postventa.bhfitness.com\/pt-pt\/wp-json\/wp\/v2\/pages"}],"about":[{"href":"https:\/\/postventa.bhfitness.com\/pt-pt\/wp-json\/wp\/v2\/types\/page"}],"author":[{"embeddable":true,"href":"https:\/\/postventa.bhfitness.com\/pt-pt\/wp-json\/wp\/v2\/users\/6"}],"replies":[{"embeddable":true,"href":"https:\/\/postventa.bhfitness.com\/pt-pt\/wp-json\/wp\/v2\/comments?post=12282"}],"version-history":[{"count":1,"href":"https:\/\/postventa.bhfitness.com\/pt-pt\/wp-json\/wp\/v2\/pages\/12282\/revisions"}],"predecessor-version":[{"id":12283,"href":"https:\/\/postventa.bhfitness.com\/pt-pt\/wp-json\/wp\/v2\/pages\/12282\/revisions\/12283"}],"wp:attachment":[{"href":"https:\/\/postventa.bhfitness.com\/pt-pt\/wp-json\/wp\/v2\/media?parent=12282"}],"curies":[{"name":"wp","href":"https:\/\/api.w.org\/{rel}","templated":true}]}}