{"id":11766,"date":"2025-01-27T13:35:34","date_gmt":"2025-01-27T13:35:34","guid":{"rendered":"https:\/\/bhfitness.com\/formulario-postventa\/"},"modified":"2025-01-30T07:51:46","modified_gmt":"2025-01-30T07:51:46","slug":"formulario-postventa","status":"publish","type":"page","link":"https:\/\/postventa.bhfitness.com\/en\/form-aftersales\/","title":{"rendered":"Aftersales form"},"content":{"rendered":"","protected":false},"excerpt":{"rendered":"","protected":false},"author":6,"featured_media":0,"parent":0,"menu_order":0,"comment_status":"closed","ping_status":"closed","template":"postventa-template","meta":[],"yoast_head":"<!-- This site is optimized with the Yoast SEO plugin v17.3 - https:\/\/yoast.com\/wordpress\/plugins\/seo\/ -->\n<title>Aftersales form - BH Fitness Dom\u00e9stico Web Oficial<\/title>\n<meta name=\"robots\" content=\"noindex, follow, max-snippet:-1, max-image-preview:large, max-video-preview:-1\" \/>\n<meta property=\"og:locale\" content=\"en_US\" \/>\n<meta property=\"og:type\" content=\"article\" \/>\n<meta property=\"og:title\" content=\"Aftersales form - BH Fitness Dom\u00e9stico Web Oficial\" \/>\n<meta property=\"og:url\" content=\"https:\/\/postventa.bhfitness.com\/en\/form-aftersales\/\" \/>\n<meta property=\"og:site_name\" content=\"BH Fitness Dom\u00e9stico Web Oficial\" \/>\n<meta property=\"article:modified_time\" content=\"2025-01-30T07:51:46+00:00\" \/>\n<meta name=\"twitter:card\" content=\"summary_large_image\" \/>\n<script type=\"application\/ld+json\" class=\"yoast-schema-graph\">{\"@context\":\"https:\/\/schema.org\",\"@graph\":[{\"@type\":\"Organization\",\"@id\":\"https:\/\/postventa.bhfitness.com\/#organization\",\"name\":\"BH Fitness\",\"url\":\"https:\/\/postventa.bhfitness.com\/\",\"sameAs\":[],\"logo\":{\"@type\":\"ImageObject\",\"@id\":\"https:\/\/postventa.bhfitness.com\/#logo\",\"inLanguage\":\"en-US\",\"url\":\"https:\/\/bhfitness.com\/content\/uploads\/2024\/10\/bh-logo.png\",\"contentUrl\":\"https:\/\/bhfitness.com\/content\/uploads\/2024\/10\/bh-logo.png\",\"width\":119,\"height\":66,\"caption\":\"BH Fitness\"},\"image\":{\"@id\":\"https:\/\/postventa.bhfitness.com\/#logo\"}},{\"@type\":\"WebSite\",\"@id\":\"https:\/\/postventa.bhfitness.com\/#website\",\"url\":\"https:\/\/postventa.bhfitness.com\/\",\"name\":\"BH Fitness Dom\\u00e9stico Web Oficial\",\"description\":\"Otro sitio realizado con WordPress\",\"publisher\":{\"@id\":\"https:\/\/postventa.bhfitness.com\/#organization\"},\"potentialAction\":[{\"@type\":\"SearchAction\",\"target\":{\"@type\":\"EntryPoint\",\"urlTemplate\":\"https:\/\/postventa.bhfitness.com\/?s={search_term_string}\"},\"query-input\":\"required name=search_term_string\"}],\"inLanguage\":\"en-US\"},{\"@type\":\"WebPage\",\"@id\":\"https:\/\/postventa.bhfitness.com\/en\/form-aftersales\/#webpage\",\"url\":\"https:\/\/postventa.bhfitness.com\/en\/form-aftersales\/\",\"name\":\"Aftersales form - BH Fitness Dom\\u00e9stico Web Oficial\",\"isPartOf\":{\"@id\":\"https:\/\/postventa.bhfitness.com\/#website\"},\"datePublished\":\"2025-01-27T13:35:34+00:00\",\"dateModified\":\"2025-01-30T07:51:46+00:00\",\"breadcrumb\":{\"@id\":\"https:\/\/postventa.bhfitness.com\/en\/form-aftersales\/#breadcrumb\"},\"inLanguage\":\"en-US\",\"potentialAction\":[{\"@type\":\"ReadAction\",\"target\":[\"https:\/\/postventa.bhfitness.com\/en\/form-aftersales\/\"]}]},{\"@type\":\"BreadcrumbList\",\"@id\":\"https:\/\/postventa.bhfitness.com\/en\/form-aftersales\/#breadcrumb\",\"itemListElement\":[{\"@type\":\"ListItem\",\"position\":1,\"name\":\"Home\",\"item\":\"https:\/\/postventa.bhfitness.com\/en\/\"},{\"@type\":\"ListItem\",\"position\":2,\"name\":\"Aftersales form\"}]}]}<\/script>\n<!-- \/ Yoast SEO plugin. -->","yoast_head_json":{"title":"Aftersales form - BH Fitness Dom\u00e9stico Web Oficial","robots":{"index":"noindex","follow":"follow","max-snippet":"max-snippet:-1","max-image-preview":"max-image-preview:large","max-video-preview":"max-video-preview:-1"},"og_locale":"en_US","og_type":"article","og_title":"Aftersales form - BH Fitness Dom\u00e9stico Web Oficial","og_url":"https:\/\/postventa.bhfitness.com\/en\/form-aftersales\/","og_site_name":"BH Fitness Dom\u00e9stico Web Oficial","article_modified_time":"2025-01-30T07:51:46+00:00","twitter_card":"summary_large_image","schema":{"@context":"https:\/\/schema.org","@graph":[{"@type":"Organization","@id":"https:\/\/postventa.bhfitness.com\/#organization","name":"BH Fitness","url":"https:\/\/postventa.bhfitness.com\/","sameAs":[],"logo":{"@type":"ImageObject","@id":"https:\/\/postventa.bhfitness.com\/#logo","inLanguage":"en-US","url":"https:\/\/bhfitness.com\/content\/uploads\/2024\/10\/bh-logo.png","contentUrl":"https:\/\/bhfitness.com\/content\/uploads\/2024\/10\/bh-logo.png","width":119,"height":66,"caption":"BH Fitness"},"image":{"@id":"https:\/\/postventa.bhfitness.com\/#logo"}},{"@type":"WebSite","@id":"https:\/\/postventa.bhfitness.com\/#website","url":"https:\/\/postventa.bhfitness.com\/","name":"BH Fitness Dom\u00e9stico Web Oficial","description":"Otro sitio realizado con WordPress","publisher":{"@id":"https:\/\/postventa.bhfitness.com\/#organization"},"potentialAction":[{"@type":"SearchAction","target":{"@type":"EntryPoint","urlTemplate":"https:\/\/postventa.bhfitness.com\/?s={search_term_string}"},"query-input":"required name=search_term_string"}],"inLanguage":"en-US"},{"@type":"WebPage","@id":"https:\/\/postventa.bhfitness.com\/en\/form-aftersales\/#webpage","url":"https:\/\/postventa.bhfitness.com\/en\/form-aftersales\/","name":"Aftersales form - BH Fitness Dom\u00e9stico Web Oficial","isPartOf":{"@id":"https:\/\/postventa.bhfitness.com\/#website"},"datePublished":"2025-01-27T13:35:34+00:00","dateModified":"2025-01-30T07:51:46+00:00","breadcrumb":{"@id":"https:\/\/postventa.bhfitness.com\/en\/form-aftersales\/#breadcrumb"},"inLanguage":"en-US","potentialAction":[{"@type":"ReadAction","target":["https:\/\/postventa.bhfitness.com\/en\/form-aftersales\/"]}]},{"@type":"BreadcrumbList","@id":"https:\/\/postventa.bhfitness.com\/en\/form-aftersales\/#breadcrumb","itemListElement":[{"@type":"ListItem","position":1,"name":"Home","item":"https:\/\/postventa.bhfitness.com\/en\/"},{"@type":"ListItem","position":2,"name":"Aftersales form"}]}]}},"meta_box":{"block_page_template":"postventa","block_header_active":"1","header_pretitle":"","header_title":"BH Service","header_subtitle":"The confidence, professionalism and know-how of BH Fitness, at your service.","header_type":"text","header_type_img":[],"header_type_img_mobile":[],"header_type_video":"","header_type_color_background_from":"","header_type_color_background_to":"","header_type_color_background_text":"","block_banner_active":"0","block_banner_type":"","block_support_active":"0","block_support_subtitle2":"","block_support_title":"","block_support_subtitle":"","block_support_content":"<p><strong>Atenci\u00f3n al cliente<\/strong><\/p>\n<h3>Nuestro centro de atenci\u00f3n al cliente cuenta con un equipo de profesionales, t\u00e9cnicos y gestores, cuya labor es ayudar a resolver lo m\u00e1s r\u00e1pido posible todas las consultas y reparaciones que se nos presentan. Se trata de un call centre multiling\u00fce, que anualmente recibe y gestiona m\u00e1s de 30.000 contactos multicanal en castellano, ingl\u00e9s, franc\u00e9s y alem\u00e1n.<\/h3>\n<p>Nuestros t\u00e9cnicos realizan pre-diagn\u00f3sticos y ayudan a solucionar telef\u00f3nicamente el mayor n\u00famero posible de incidencias. Disponemos, adem\u00e1s, en nuestro canal de Youtube de una variedad de v\u00eddeos que muestran c\u00f3mo puedes realizar los ,mantenimientos m\u00e1s b\u00e1sicos t\u00fa mismo.<\/p>\n<p>A lo largo del \u00faltimo a\u00f1o, nuestros clientes han valorado con una puntuaci\u00f3n promedio de 4,4 sobre 5 la profesionalidad mostrada por el personal de nuestro call center.<\/p>\n","block_support_img":[{"width":150,"height":150,"file":"2020\/08\/postventa-1.jpg","sizes":{"medium":{"file":"postventa-1-300x222.jpg","width":300,"height":222,"mime-type":"image\/jpeg","url":"https:\/\/postventa.bhfitness.com\/content\/uploads\/2020\/08\/postventa-1-300x222.jpg"},"thumbnail":{"file":"postventa-1-150x150.jpg","width":150,"height":150,"mime-type":"image\/jpeg","url":"https:\/\/postventa.bhfitness.com\/content\/uploads\/2020\/08\/postventa-1-150x150.jpg"},"medium_large":{"file":"postventa-1-768x567.jpg","width":768,"height":567,"mime-type":"image\/jpeg","url":"https:\/\/postventa.bhfitness.com\/content\/uploads\/2020\/08\/postventa-1-768x567.jpg"},"themosis_sample":{"file":"postventa-1-169x125.jpg","width":169,"height":125,"mime-type":"image\/jpeg","url":"https:\/\/postventa.bhfitness.com\/content\/uploads\/2020\/08\/postventa-1-169x125.jpg"},"menu-24x24":{"file":"postventa-1-24x18.jpg","width":24,"height":18,"mime-type":"image\/jpeg","url":"https:\/\/postventa.bhfitness.com\/content\/uploads\/2020\/08\/postventa-1-24x18.jpg"},"menu-36x36":{"file":"postventa-1-36x27.jpg","width":36,"height":27,"mime-type":"image\/jpeg","url":"https:\/\/postventa.bhfitness.com\/content\/uploads\/2020\/08\/postventa-1-36x27.jpg"},"menu-48x48":{"file":"postventa-1-48x35.jpg","width":48,"height":35,"mime-type":"image\/jpeg","url":"https:\/\/postventa.bhfitness.com\/content\/uploads\/2020\/08\/postventa-1-48x35.jpg"}},"image_meta":{"aperture":"0","credit":"","camera":"","caption":"","created_timestamp":"0","copyright":"","focal_length":"0","iso":"0","shutter_speed":"0","title":"","orientation":"1","keywords":[]},"ID":"3759","name":"postventa-1.jpg","path":"\/var\/www\/postventa.bhfitness.com\/htdocs\/content\/uploads\/2020\/08\/postventa-1.jpg","url":"https:\/\/postventa.bhfitness.com\/content\/uploads\/2020\/08\/postventa-1-150x150.jpg","full_url":"https:\/\/postventa.bhfitness.com\/content\/uploads\/2020\/08\/postventa-1.jpg","title":"postventa","caption":"","description":"","alt":"Servicio t\u00e9cnico BH Fitness","srcset":false}],"block_support_cta_active":"0","block_support_cta_title":"","block_support_cta_class":"","block_support_cta_url":"","block_text_image_active":"0","block_text_image_pretitle":"","block_text_image_title":"","block_text_image_subtitle":"","block_text_image_content":"","block_text_image_background_img":[],"block_text_image_img_content":"","block_innovation_active":"0","block_innovation_pretitle":"","block_innovation_title":"","block_innovation_subtitle":"","block_innovation_content":"","block_innovation_title1":"","block_innovation_content1":"","block_innovation_img1":[],"block_innovation_cta_active1":"0","block_innovation_cta_title1":"","block_innovation_cta_class1":"","block_innovation_cta_url1":"","block_innovation_title2":"","block_innovation_content2":"","block_innovation_img2":[],"block_innovation_cta_active2":"0","block_innovation_cta_title2":"","block_innovation_cta_class2":"","block_innovation_cta_url2":"","block_whitepaper_active":"1","block_whitepaper_title":"Purchase of spare parts","block_whitepaper_content":"<p>Access the BH Fitness spare parts and accessories website.<\/p>\n","block_whitepaper_type":"external","block_whitepaper_form_id":"","block_whitepaper_slug":"","block_whitepaper_url":"http:\/\/www.bhfitnessglobalservices.com\/","block_whitepaper_cta_title":"Buy Spare Parts","block_whitepaper_cta_class":"","block4_active":"0","block4_title":"","block4_subtitle":"","block4_content":"","block4_hover":"","block4_img_text_blocks":[{"_state":"expanded"}],"block_highlight_active":"0","block_highlight_pretitle":"","block_highlight_title":"","block_highlight_subtitle":"","block_highlight_content":"","block_highlight_slides":[{"_state":"expanded"}],"block_faq_active":"0","block_faqs_list":[{"block_faqs":[{"_state":"expanded"}],"_state":"expanded"}],"block_form_active":"1","block_form_pretitle":"","block_form_title":"Aftersales form","block_form_subtitle":"","block_form_content":"","block_form_id":"14","block_featured_products_active":"0","block_loop_title_text_active":"0","block_loop_title_text_pretitle":"","block_loop_title_text_title":"","block_loop_title_text_subtitle":"","block_loop_title_text_content":"","block_loop_title_text_elements":[{"_state":"expanded"}]},"_links":{"self":[{"href":"https:\/\/postventa.bhfitness.com\/en\/wp-json\/wp\/v2\/pages\/11766"}],"collection":[{"href":"https:\/\/postventa.bhfitness.com\/en\/wp-json\/wp\/v2\/pages"}],"about":[{"href":"https:\/\/postventa.bhfitness.com\/en\/wp-json\/wp\/v2\/types\/page"}],"author":[{"embeddable":true,"href":"https:\/\/postventa.bhfitness.com\/en\/wp-json\/wp\/v2\/users\/6"}],"replies":[{"embeddable":true,"href":"https:\/\/postventa.bhfitness.com\/en\/wp-json\/wp\/v2\/comments?post=11766"}],"version-history":[{"count":2,"href":"https:\/\/postventa.bhfitness.com\/en\/wp-json\/wp\/v2\/pages\/11766\/revisions"}],"predecessor-version":[{"id":11772,"href":"https:\/\/postventa.bhfitness.com\/en\/wp-json\/wp\/v2\/pages\/11766\/revisions\/11772"}],"wp:attachment":[{"href":"https:\/\/postventa.bhfitness.com\/en\/wp-json\/wp\/v2\/media?parent=11766"}],"curies":[{"name":"wp","href":"https:\/\/api.w.org\/{rel}","templated":true}]}}